{"id":17,"date":"2025-12-04T20:25:16","date_gmt":"2025-12-04T20:25:16","guid":{"rendered":"https:\/\/tehnocen.ba\/?page_id=17"},"modified":"2026-02-13T23:50:53","modified_gmt":"2026-02-13T23:50:53","slug":"kontakt","status":"publish","type":"page","link":"https:\/\/tehnocen.ba\/index.php\/kontakt\/","title":{"rendered":"Kontakt"},"content":{"rendered":"\n<p><strong>Tehnocen d.o.o. Biha\u0107<\/strong><br>Jablanska 313\/4<br>77000 Biha\u0107, Bosna i Hercegovina<\/p>\n\n\n\n<p>\ud83d\udcf1 Mob: 061 231 144<br>\ud83d\udcf1 Mob: 061 822 324<br>\ud83d\udce7 Email: <a href=\"mailto:info@tehnocen.ba\">info@tehnocen.ba<\/a><\/p>\n\n\n\n<div class=\"wp-block-columns is-layout-flex wp-container-core-columns-is-layout-28f84493 wp-block-columns-is-layout-flex\">\n<div class=\"wp-block-column is-layout-flow wp-block-column-is-layout-flow\">\n<iframe src=\"https:\/\/www.google.com\/maps\/embed?pb=!1m18!1m12!1m3!1d2828.7725562338865!2d15.876077476091654!3d44.84656507443609!2m3!1f0!2f0!3f0!3m2!1i1024!2i768!4f13.1!3m3!1m2!1s0x476140ea7f514139%3A0x901acb1498276bb4!2sPilana%20Tehnocen!5e0!3m2!1shr!2sba!4v1765135931814!5m2!1shr!2sba\" width=\"100%\" height=\"400\" style=\"border:0;\" allowfullscreen=\"\" loading=\"lazy\" referrerpolicy=\"no-referrer-when-downgrade\"><\/iframe>\n<\/div>\n<\/div>\n","protected":false},"excerpt":{"rendered":"<p>Tehnocen d.o.o. Biha\u0107Jablanska 313\/477000 Biha\u0107, Bosna i Hercegovina \ud83d\udcf1 Mob: 061 231 144\ud83d\udcf1 Mob: 061 822 324\ud83d\udce7 Email: info@tehnocen.ba<\/p>\n","protected":false},"author":1,"featured_media":0,"parent":0,"menu_order":0,"comment_status":"closed","ping_status":"closed","template":"","meta":{"footnotes":""},"class_list":["post-17","page","type-page","status-publish","hentry"],"blocksy_meta":[],"yoast_head":"<!-- This site is optimized with the Yoast SEO plugin v27.3 - https:\/\/yoast.com\/product\/yoast-seo-wordpress\/ -->\n<title>Kontakt - Tehnocen kontakt Tehnocen<\/title>\n<meta name=\"description\" content=\"Kontaktirajte Tehnocen d.o.o. u Biha\u0107u za upite o bukovoj gra\u0111i i drvnim elementima za EU tr\u017ei\u0161te.\" \/>\n<meta name=\"robots\" content=\"index, follow, max-snippet:-1, max-image-preview:large, max-video-preview:-1\" \/>\n<link rel=\"canonical\" href=\"https:\/\/tehnocen.ba\/index.php\/kontakt\/\" \/>\n<meta property=\"og:locale\" content=\"en_US\" \/>\n<meta property=\"og:type\" content=\"article\" \/>\n<meta property=\"og:title\" content=\"Kontakt - Tehnocen kontakt Tehnocen\" \/>\n<meta property=\"og:description\" content=\"Kontaktirajte Tehnocen d.o.o. u Biha\u0107u za upite o bukovoj gra\u0111i i drvnim elementima za EU tr\u017ei\u0161te.\" \/>\n<meta property=\"og:url\" content=\"https:\/\/tehnocen.ba\/index.php\/kontakt\/\" \/>\n<meta property=\"og:site_name\" content=\"Tehnocen\" \/>\n<meta property=\"article:modified_time\" content=\"2026-02-13T23:50:53+00:00\" \/>\n<meta name=\"twitter:card\" content=\"summary_large_image\" \/>\n<meta name=\"twitter:label1\" content=\"Est. reading time\" \/>\n\t<meta name=\"twitter:data1\" content=\"1 minute\" \/>\n<script type=\"application\/ld+json\" class=\"yoast-schema-graph\">{\"@context\":\"https:\\\/\\\/schema.org\",\"@graph\":[{\"@type\":\"WebPage\",\"@id\":\"https:\\\/\\\/tehnocen.ba\\\/index.php\\\/kontakt\\\/\",\"url\":\"https:\\\/\\\/tehnocen.ba\\\/index.php\\\/kontakt\\\/\",\"name\":\"Kontakt - Tehnocen kontakt Tehnocen\",\"isPartOf\":{\"@id\":\"https:\\\/\\\/tehnocen.ba\\\/#website\"},\"datePublished\":\"2025-12-04T20:25:16+00:00\",\"dateModified\":\"2026-02-13T23:50:53+00:00\",\"description\":\"Kontaktirajte Tehnocen d.o.o. u Biha\u0107u za upite o bukovoj gra\u0111i i drvnim elementima za EU tr\u017ei\u0161te.\",\"breadcrumb\":{\"@id\":\"https:\\\/\\\/tehnocen.ba\\\/index.php\\\/kontakt\\\/#breadcrumb\"},\"inLanguage\":\"en-US\",\"potentialAction\":[{\"@type\":\"ReadAction\",\"target\":[\"https:\\\/\\\/tehnocen.ba\\\/index.php\\\/kontakt\\\/\"]}]},{\"@type\":\"BreadcrumbList\",\"@id\":\"https:\\\/\\\/tehnocen.ba\\\/index.php\\\/kontakt\\\/#breadcrumb\",\"itemListElement\":[{\"@type\":\"ListItem\",\"position\":1,\"name\":\"Home\",\"item\":\"https:\\\/\\\/tehnocen.ba\\\/\"},{\"@type\":\"ListItem\",\"position\":2,\"name\":\"Kontakt\"}]},{\"@type\":\"WebSite\",\"@id\":\"https:\\\/\\\/tehnocen.ba\\\/#website\",\"url\":\"https:\\\/\\\/tehnocen.ba\\\/\",\"name\":\"Tehnocen\",\"description\":\"proizvodnja rezane bukove gra\u0111e i elemenata - pilana\",\"publisher\":{\"@id\":\"https:\\\/\\\/tehnocen.ba\\\/#organization\"},\"potentialAction\":[{\"@type\":\"SearchAction\",\"target\":{\"@type\":\"EntryPoint\",\"urlTemplate\":\"https:\\\/\\\/tehnocen.ba\\\/?s={search_term_string}\"},\"query-input\":{\"@type\":\"PropertyValueSpecification\",\"valueRequired\":true,\"valueName\":\"search_term_string\"}}],\"inLanguage\":\"en-US\"},{\"@type\":\"Organization\",\"@id\":\"https:\\\/\\\/tehnocen.ba\\\/#organization\",\"name\":\"Tehnocen\",\"url\":\"https:\\\/\\\/tehnocen.ba\\\/\",\"logo\":{\"@type\":\"ImageObject\",\"inLanguage\":\"en-US\",\"@id\":\"https:\\\/\\\/tehnocen.ba\\\/#\\\/schema\\\/logo\\\/image\\\/\",\"url\":\"https:\\\/\\\/tehnocen.ba\\\/wp-content\\\/uploads\\\/2025\\\/12\\\/Tehnocen_pure-wood_transp.png\",\"contentUrl\":\"https:\\\/\\\/tehnocen.ba\\\/wp-content\\\/uploads\\\/2025\\\/12\\\/Tehnocen_pure-wood_transp.png\",\"width\":1000,\"height\":500,\"caption\":\"Tehnocen\"},\"image\":{\"@id\":\"https:\\\/\\\/tehnocen.ba\\\/#\\\/schema\\\/logo\\\/image\\\/\"}}]}<\/script>\n<!-- \/ Yoast SEO plugin. -->","yoast_head_json":{"title":"Kontakt - Tehnocen kontakt Tehnocen","description":"Kontaktirajte Tehnocen d.o.o. u Biha\u0107u za upite o bukovoj gra\u0111i i drvnim elementima za EU tr\u017ei\u0161te.","robots":{"index":"index","follow":"follow","max-snippet":"max-snippet:-1","max-image-preview":"max-image-preview:large","max-video-preview":"max-video-preview:-1"},"canonical":"https:\/\/tehnocen.ba\/index.php\/kontakt\/","og_locale":"en_US","og_type":"article","og_title":"Kontakt - Tehnocen kontakt Tehnocen","og_description":"Kontaktirajte Tehnocen d.o.o. u Biha\u0107u za upite o bukovoj gra\u0111i i drvnim elementima za EU tr\u017ei\u0161te.","og_url":"https:\/\/tehnocen.ba\/index.php\/kontakt\/","og_site_name":"Tehnocen","article_modified_time":"2026-02-13T23:50:53+00:00","twitter_card":"summary_large_image","twitter_misc":{"Est. reading time":"1 minute"},"schema":{"@context":"https:\/\/schema.org","@graph":[{"@type":"WebPage","@id":"https:\/\/tehnocen.ba\/index.php\/kontakt\/","url":"https:\/\/tehnocen.ba\/index.php\/kontakt\/","name":"Kontakt - Tehnocen kontakt Tehnocen","isPartOf":{"@id":"https:\/\/tehnocen.ba\/#website"},"datePublished":"2025-12-04T20:25:16+00:00","dateModified":"2026-02-13T23:50:53+00:00","description":"Kontaktirajte Tehnocen d.o.o. u Biha\u0107u za upite o bukovoj gra\u0111i i drvnim elementima za EU tr\u017ei\u0161te.","breadcrumb":{"@id":"https:\/\/tehnocen.ba\/index.php\/kontakt\/#breadcrumb"},"inLanguage":"en-US","potentialAction":[{"@type":"ReadAction","target":["https:\/\/tehnocen.ba\/index.php\/kontakt\/"]}]},{"@type":"BreadcrumbList","@id":"https:\/\/tehnocen.ba\/index.php\/kontakt\/#breadcrumb","itemListElement":[{"@type":"ListItem","position":1,"name":"Home","item":"https:\/\/tehnocen.ba\/"},{"@type":"ListItem","position":2,"name":"Kontakt"}]},{"@type":"WebSite","@id":"https:\/\/tehnocen.ba\/#website","url":"https:\/\/tehnocen.ba\/","name":"Tehnocen","description":"proizvodnja rezane bukove gra\u0111e i elemenata - pilana","publisher":{"@id":"https:\/\/tehnocen.ba\/#organization"},"potentialAction":[{"@type":"SearchAction","target":{"@type":"EntryPoint","urlTemplate":"https:\/\/tehnocen.ba\/?s={search_term_string}"},"query-input":{"@type":"PropertyValueSpecification","valueRequired":true,"valueName":"search_term_string"}}],"inLanguage":"en-US"},{"@type":"Organization","@id":"https:\/\/tehnocen.ba\/#organization","name":"Tehnocen","url":"https:\/\/tehnocen.ba\/","logo":{"@type":"ImageObject","inLanguage":"en-US","@id":"https:\/\/tehnocen.ba\/#\/schema\/logo\/image\/","url":"https:\/\/tehnocen.ba\/wp-content\/uploads\/2025\/12\/Tehnocen_pure-wood_transp.png","contentUrl":"https:\/\/tehnocen.ba\/wp-content\/uploads\/2025\/12\/Tehnocen_pure-wood_transp.png","width":1000,"height":500,"caption":"Tehnocen"},"image":{"@id":"https:\/\/tehnocen.ba\/#\/schema\/logo\/image\/"}}]}},"_links":{"self":[{"href":"https:\/\/tehnocen.ba\/index.php\/wp-json\/wp\/v2\/pages\/17","targetHints":{"allow":["GET"]}}],"collection":[{"href":"https:\/\/tehnocen.ba\/index.php\/wp-json\/wp\/v2\/pages"}],"about":[{"href":"https:\/\/tehnocen.ba\/index.php\/wp-json\/wp\/v2\/types\/page"}],"author":[{"embeddable":true,"href":"https:\/\/tehnocen.ba\/index.php\/wp-json\/wp\/v2\/users\/1"}],"replies":[{"embeddable":true,"href":"https:\/\/tehnocen.ba\/index.php\/wp-json\/wp\/v2\/comments?post=17"}],"version-history":[{"count":23,"href":"https:\/\/tehnocen.ba\/index.php\/wp-json\/wp\/v2\/pages\/17\/revisions"}],"predecessor-version":[{"id":311,"href":"https:\/\/tehnocen.ba\/index.php\/wp-json\/wp\/v2\/pages\/17\/revisions\/311"}],"wp:attachment":[{"href":"https:\/\/tehnocen.ba\/index.php\/wp-json\/wp\/v2\/media?parent=17"}],"curies":[{"name":"wp","href":"https:\/\/api.w.org\/{rel}","templated":true}]}}