{"id":8,"date":"2025-12-04T20:20:53","date_gmt":"2025-12-04T20:20:53","guid":{"rendered":"https:\/\/tehnocen.ba\/?page_id=8"},"modified":"2026-02-13T23:14:15","modified_gmt":"2026-02-13T23:14:15","slug":"tehnocen","status":"publish","type":"page","link":"https:\/\/tehnocen.ba\/","title":{"rendered":"Po\u010detna"},"content":{"rendered":"\n<h2 class=\"wp-block-heading\">Tehnocen d.o.o. &#8211; Prerada bukovog drveta i elemenata<\/h2>\n\n\n\n<div class=\"wp-block-cover alignwide\"><img loading=\"lazy\" decoding=\"async\" width=\"2560\" height=\"1707\" class=\"wp-block-cover__image-background wp-image-261\" alt=\"beech wood, wood elements, saw mill \" src=\"https:\/\/tehnocen.ba\/wp-content\/uploads\/2026\/02\/bukva-beech-wood-saw-mill-2-scaled.jpg\" data-object-fit=\"cover\" srcset=\"https:\/\/tehnocen.ba\/wp-content\/uploads\/2026\/02\/bukva-beech-wood-saw-mill-2-scaled.jpg 2560w, https:\/\/tehnocen.ba\/wp-content\/uploads\/2026\/02\/bukva-beech-wood-saw-mill-2-300x200.jpg 300w, https:\/\/tehnocen.ba\/wp-content\/uploads\/2026\/02\/bukva-beech-wood-saw-mill-2-1024x683.jpg 1024w, https:\/\/tehnocen.ba\/wp-content\/uploads\/2026\/02\/bukva-beech-wood-saw-mill-2-768x512.jpg 768w, https:\/\/tehnocen.ba\/wp-content\/uploads\/2026\/02\/bukva-beech-wood-saw-mill-2-1536x1024.jpg 1536w, https:\/\/tehnocen.ba\/wp-content\/uploads\/2026\/02\/bukva-beech-wood-saw-mill-2-2048x1365.jpg 2048w\" sizes=\"auto, (max-width: 2560px) 100vw, 2560px\" \/><span aria-hidden=\"true\" class=\"wp-block-cover__background has-background-dim-20 has-background-dim\"><\/span><div class=\"wp-block-cover__inner-container is-layout-flow wp-block-cover-is-layout-flow\">\n<p class=\"has-text-align-center has-medium-font-size\">&#8220;Drvo je dar zemlje koji mi, kroz generacije, pretvaramo u vrijednost. <\/p>\n<\/div><\/div>\n\n\n\n<p class=\"has-text-align-right has-small-font-size\">Tehnocen d.o.o.  \u2014 FSC\u00ae Chain-of-Custody certified &#8211; Od 1987.<\/p>\n\n\n\n<p><strong>Tehnocen d.o.o. Biha\u0107<\/strong> <strong>\u2013 Tradicija, Kvalitet i Odgovornost<\/strong><\/p>\n\n\n\n<p>Tehnocen d.o.o. je proizvo\u0111a\u010d bukove gra\u0111e sa dugogodi\u0161njom tradicijom u preradi drveta. Vi\u0161e od tri decenije posve\u0107enosti drvetu u\u010dinile su nas stabilnim i pouzdanim proizvo\u0111a\u010dem bukovih proizvoda. Od skromnih po\u010detaka 1987. godine, izrasli smo u specijalizovanu fabriku, fokusiranu na proizvodnju rezane gra\u0111e, ljepljenih plo\u010da i obra\u0111enih bukovih elemenata namijenjenih isklju\u010divo zahtjevnom evropskom tr\u017ei\u0161tu i certificirana prema <a href=\"https:\/\/fsc.org\/\">FSC<\/a> standardima. <\/p>\n\n\n\n<p>Danas poslujemo kao specijalizirana fabrika za:<\/p>\n\n\n\n<ul class=\"wp-block-list\">\n<li>piljenje i blanjanje bukovog drveta<\/li>\n\n\n\n<li>proizvodnju rezane gra\u0111e<\/li>\n\n\n\n<li>parenje i su\u0161enje<\/li>\n\n\n\n<li>proizvodnju ljepljenih plo\u010da<\/li>\n\n\n\n<li>izradu hoblanih elemenata (stolice, kreveti\u0107i i dr.)<\/li>\n<\/ul>\n\n\n\n<p>Na\u0161a proizvodnja smje\u0161tena je u vlastitim objektima u Biha\u0107u, uz savremenu opremu za kompletnu obradu bukovih trupaca \u2013 od primarne prerade do finalnih elemenata.<\/p>\n\n\n\n<hr class=\"wp-block-separator aligncenter has-alpha-channel-opacity is-style-default\"\/>\n\n\n\n<p><strong>Izvoz za EU tr\u017ei\u0161te \u2014 preko 90% proizvodnje<\/strong><\/p>\n\n\n\n<p>Tehnocen kao iskusni proizvo\u0111a\u010d bukove gra\u0111e je izvozno orijentisana firma koja vi\u0161e od 90% proizvodnje plasira kupcima iz Njema\u010dke, Austrije, Italije i drugih zemalja EU. <\/p>\n\n\n\n<p>Saradnja sa na\u0161im kupcima zasniva se na dugoro\u010dnim ugovorima, ta\u010dnim rokovima isporuke, ujedna\u010denom kvalitetu i fleksibilnosti proizvodnje.<\/p>\n\n\n\n<hr class=\"wp-block-separator has-alpha-channel-opacity\"\/>\n\n\n\n<p><strong>Lokalna sirovina \u2013 kontrolisana nabavka<\/strong><\/p>\n\n\n\n<p>Bukovu sirovinu nabavljamo isklju\u010divo od lokalnih dobavlja\u010da. Na\u0161a tradicija duboko je ukorijenjena u prirodna bogatstva na\u0161eg kraja. Podru\u010dje na kojem djeluje Tehnocen d.o.o. obiluje visokokvalitetnom bukovom \u0161umom, \u0161to je odredilo na\u0161 proizvodni put. Ponosni smo na \u010dinjenicu da se snabdijevamo isklju\u010divo iz lokalnih izvora, podupiru\u0107i doma\u0107u proizvodnju i o\u010duvanje prirode. <\/p>\n\n\n\n<p>Ovo omogu\u0107ava stabilne zalihe, sljedivost sirovine i po\u0161tivanje ekolo\u0161kih i zakonskih standarda.<\/p>\n\n\n\n<hr class=\"wp-block-separator has-alpha-channel-opacity\"\/>\n\n\n\n<p><strong> Proizvodni kapaciteti<\/strong><\/p>\n\n\n\n<ul class=\"wp-block-list\">\n<li>vlastita pilana<\/li>\n\n\n\n<li>komore za parenje<\/li>\n\n\n\n<li>savremene komore za su\u0161enje<\/li>\n\n\n\n<li>linije za hoblanje i lijepljenje<\/li>\n\n\n\n<li>iskusni stru\u010dni tim<\/li>\n<\/ul>\n\n\n\n<p>Na\u0161 proizvodni proces osmi\u0161ljen je da isporu\u010di visoku i konzistentnu kvalitetu \u2013 uz puni nadzor svakog koraka.<\/p>\n\n\n\n<hr class=\"wp-block-separator has-alpha-channel-opacity\"\/>\n\n\n\n<p><strong>Za\u0161to Tehnocen?<\/strong><\/p>\n\n\n\n<p>\u2714 35+ godina iskustva u drvnoj industriji<br>\u2714 specijalizacija za bukovinu<br>\u2714 savremena oprema i kontrola kvalitete<br>\u2714 stabilan izvoz u EU<br>\u2714 tim \u0161kolovanih i iskusnih stru\u010dnjaka<br>\u2714 fleksibilna proizvodnja prema potrebama kupca<br>\u2714 pouzdan partner sa tradicijom<\/p>\n\n\n\n<hr class=\"wp-block-separator has-alpha-channel-opacity\"\/>\n\n\n\n<p><strong><strong>Proces proizvodnje u Tehnocen d.o.o.<\/strong><\/strong><\/p>\n\n\n\n<p>Kratki prikaz proizvodnih procesa u na\u0161im proizvodnim pogonima:<\/p>\n\n\n\n<div class=\"wp-block-group is-layout-constrained wp-container-core-group-is-layout-bea02a06 wp-block-group-is-layout-constrained\">\n<figure class=\"wp-block-video aligncenter\"><video height=\"1080\" style=\"aspect-ratio: 2044 \/ 1080;\" width=\"2044\" controls src=\"https:\/\/tehnocen.ba\/wp-content\/uploads\/2026\/01\/Tehnocen-2025_kompresovan.mp4\"><\/video><\/figure>\n<\/div>\n\n\n\n<p>Video prikazuje dio svakodnevne proizvodnje i tehnologije koje koristimo u obradi bukovog drveta za EU tr\u017ei\u0161te. Istra\u017eite na\u0161e <a href=\"https:\/\/tehnocen.ba\/index.php\/beech-wood-products-furniture-elements-production-tehnocen-d-o-o\/\" type=\"page\" id=\"21\">proizvode<\/a><\/p>\n","protected":false},"excerpt":{"rendered":"<p>Tehnocen d.o.o. &#8211; Prerada bukovog drveta i elemenata Tehnocen d.o.o. \u2014 FSC\u00ae Chain-of-Custody certified &#8211; Od 1987. Tehnocen d.o.o. Biha\u0107 \u2013 Tradicija, Kvalitet i Odgovornost Tehnocen d.o.o. je proizvo\u0111a\u010d bukove gra\u0111e sa dugogodi\u0161njom tradicijom u preradi drveta. Vi\u0161e od tri decenije posve\u0107enosti drvetu u\u010dinile su nas stabilnim i pouzdanim proizvo\u0111a\u010dem bukovih proizvoda. Od skromnih po\u010detaka [&hellip;]<\/p>\n","protected":false},"author":1,"featured_media":0,"parent":0,"menu_order":0,"comment_status":"closed","ping_status":"closed","template":"","meta":{"footnotes":""},"class_list":["post-8","page","type-page","status-publish","hentry"],"blocksy_meta":{"has_hero_section":"disabled","styles_descriptor":{"styles":{"desktop":"","tablet":"","mobile":""},"google_fonts":[],"version":6}},"yoast_head":"<!-- This site is optimized with the Yoast SEO plugin v27.3 - https:\/\/yoast.com\/product\/yoast-seo-wordpress\/ -->\n<title>Po\u010detna - Tehnocen<\/title>\n<meta name=\"description\" content=\"Tehnocen d.o.o. je porodi\u010dna firma specijalizirana za preradu bukove gra\u0111e i izvoz kvalitetnih drvnih proizvoda na EU tr\u017ei\u0161te.\" \/>\n<meta name=\"robots\" content=\"index, follow, max-snippet:-1, max-image-preview:large, max-video-preview:-1\" \/>\n<link rel=\"canonical\" href=\"https:\/\/tehnocen.ba\/\" \/>\n<meta property=\"og:locale\" content=\"en_US\" \/>\n<meta property=\"og:type\" content=\"article\" \/>\n<meta property=\"og:title\" content=\"Po\u010detna - Tehnocen\" \/>\n<meta property=\"og:description\" content=\"Tehnocen d.o.o. je porodi\u010dna firma specijalizirana za preradu bukove gra\u0111e i izvoz kvalitetnih drvnih proizvoda na EU tr\u017ei\u0161te.\" \/>\n<meta property=\"og:url\" content=\"https:\/\/tehnocen.ba\/\" \/>\n<meta property=\"og:site_name\" content=\"Tehnocen\" \/>\n<meta property=\"article:modified_time\" content=\"2026-02-13T23:14:15+00:00\" \/>\n<meta property=\"og:image\" content=\"https:\/\/tehnocen.ba\/wp-content\/uploads\/2026\/02\/bukva-beech-wood-saw-mill-2-scaled.jpg\" \/>\n\t<meta property=\"og:image:width\" content=\"2560\" \/>\n\t<meta property=\"og:image:height\" content=\"1707\" \/>\n\t<meta property=\"og:image:type\" content=\"image\/jpeg\" \/>\n<meta name=\"twitter:card\" content=\"summary_large_image\" \/>\n<meta name=\"twitter:label1\" content=\"Est. reading time\" \/>\n\t<meta name=\"twitter:data1\" content=\"2 minutes\" \/>\n<script type=\"application\/ld+json\" class=\"yoast-schema-graph\">{\"@context\":\"https:\\\/\\\/schema.org\",\"@graph\":[{\"@type\":\"WebPage\",\"@id\":\"https:\\\/\\\/tehnocen.ba\\\/\",\"url\":\"https:\\\/\\\/tehnocen.ba\\\/\",\"name\":\"Po\u010detna - Tehnocen\",\"isPartOf\":{\"@id\":\"https:\\\/\\\/tehnocen.ba\\\/#website\"},\"primaryImageOfPage\":{\"@id\":\"https:\\\/\\\/tehnocen.ba\\\/#primaryimage\"},\"image\":{\"@id\":\"https:\\\/\\\/tehnocen.ba\\\/#primaryimage\"},\"thumbnailUrl\":\"https:\\\/\\\/tehnocen.ba\\\/wp-content\\\/uploads\\\/2026\\\/02\\\/bukva-beech-wood-saw-mill-2-scaled.jpg\",\"datePublished\":\"2025-12-04T20:20:53+00:00\",\"dateModified\":\"2026-02-13T23:14:15+00:00\",\"description\":\"Tehnocen d.o.o. je porodi\u010dna firma specijalizirana za preradu bukove gra\u0111e i izvoz kvalitetnih drvnih proizvoda na EU tr\u017ei\u0161te.\",\"breadcrumb\":{\"@id\":\"https:\\\/\\\/tehnocen.ba\\\/#breadcrumb\"},\"inLanguage\":\"en-US\",\"potentialAction\":[{\"@type\":\"ReadAction\",\"target\":[\"https:\\\/\\\/tehnocen.ba\\\/\"]}]},{\"@type\":\"ImageObject\",\"inLanguage\":\"en-US\",\"@id\":\"https:\\\/\\\/tehnocen.ba\\\/#primaryimage\",\"url\":\"https:\\\/\\\/tehnocen.ba\\\/wp-content\\\/uploads\\\/2026\\\/02\\\/bukva-beech-wood-saw-mill-2-scaled.jpg\",\"contentUrl\":\"https:\\\/\\\/tehnocen.ba\\\/wp-content\\\/uploads\\\/2026\\\/02\\\/bukva-beech-wood-saw-mill-2-scaled.jpg\",\"width\":2560,\"height\":1707},{\"@type\":\"BreadcrumbList\",\"@id\":\"https:\\\/\\\/tehnocen.ba\\\/#breadcrumb\",\"itemListElement\":[{\"@type\":\"ListItem\",\"position\":1,\"name\":\"Home\",\"item\":\"https:\\\/\\\/tehnocen.ba\\\/\"},{\"@type\":\"ListItem\",\"position\":2,\"name\":\"Po\u010detna\"}]},{\"@type\":\"WebSite\",\"@id\":\"https:\\\/\\\/tehnocen.ba\\\/#website\",\"url\":\"https:\\\/\\\/tehnocen.ba\\\/\",\"name\":\"Tehnocen\",\"description\":\"proizvodnja rezane bukove gra\u0111e i elemenata - pilana\",\"publisher\":{\"@id\":\"https:\\\/\\\/tehnocen.ba\\\/#organization\"},\"potentialAction\":[{\"@type\":\"SearchAction\",\"target\":{\"@type\":\"EntryPoint\",\"urlTemplate\":\"https:\\\/\\\/tehnocen.ba\\\/?s={search_term_string}\"},\"query-input\":{\"@type\":\"PropertyValueSpecification\",\"valueRequired\":true,\"valueName\":\"search_term_string\"}}],\"inLanguage\":\"en-US\"},{\"@type\":\"Organization\",\"@id\":\"https:\\\/\\\/tehnocen.ba\\\/#organization\",\"name\":\"Tehnocen\",\"url\":\"https:\\\/\\\/tehnocen.ba\\\/\",\"logo\":{\"@type\":\"ImageObject\",\"inLanguage\":\"en-US\",\"@id\":\"https:\\\/\\\/tehnocen.ba\\\/#\\\/schema\\\/logo\\\/image\\\/\",\"url\":\"https:\\\/\\\/tehnocen.ba\\\/wp-content\\\/uploads\\\/2025\\\/12\\\/Tehnocen_pure-wood_transp.png\",\"contentUrl\":\"https:\\\/\\\/tehnocen.ba\\\/wp-content\\\/uploads\\\/2025\\\/12\\\/Tehnocen_pure-wood_transp.png\",\"width\":1000,\"height\":500,\"caption\":\"Tehnocen\"},\"image\":{\"@id\":\"https:\\\/\\\/tehnocen.ba\\\/#\\\/schema\\\/logo\\\/image\\\/\"}}]}<\/script>\n<!-- \/ Yoast SEO plugin. -->","yoast_head_json":{"title":"Po\u010detna - Tehnocen","description":"Tehnocen d.o.o. je porodi\u010dna firma specijalizirana za preradu bukove gra\u0111e i izvoz kvalitetnih drvnih proizvoda na EU tr\u017ei\u0161te.","robots":{"index":"index","follow":"follow","max-snippet":"max-snippet:-1","max-image-preview":"max-image-preview:large","max-video-preview":"max-video-preview:-1"},"canonical":"https:\/\/tehnocen.ba\/","og_locale":"en_US","og_type":"article","og_title":"Po\u010detna - Tehnocen","og_description":"Tehnocen d.o.o. je porodi\u010dna firma specijalizirana za preradu bukove gra\u0111e i izvoz kvalitetnih drvnih proizvoda na EU tr\u017ei\u0161te.","og_url":"https:\/\/tehnocen.ba\/","og_site_name":"Tehnocen","article_modified_time":"2026-02-13T23:14:15+00:00","og_image":[{"width":2560,"height":1707,"url":"https:\/\/tehnocen.ba\/wp-content\/uploads\/2026\/02\/bukva-beech-wood-saw-mill-2-scaled.jpg","type":"image\/jpeg"}],"twitter_card":"summary_large_image","twitter_misc":{"Est. reading time":"2 minutes"},"schema":{"@context":"https:\/\/schema.org","@graph":[{"@type":"WebPage","@id":"https:\/\/tehnocen.ba\/","url":"https:\/\/tehnocen.ba\/","name":"Po\u010detna - Tehnocen","isPartOf":{"@id":"https:\/\/tehnocen.ba\/#website"},"primaryImageOfPage":{"@id":"https:\/\/tehnocen.ba\/#primaryimage"},"image":{"@id":"https:\/\/tehnocen.ba\/#primaryimage"},"thumbnailUrl":"https:\/\/tehnocen.ba\/wp-content\/uploads\/2026\/02\/bukva-beech-wood-saw-mill-2-scaled.jpg","datePublished":"2025-12-04T20:20:53+00:00","dateModified":"2026-02-13T23:14:15+00:00","description":"Tehnocen d.o.o. je porodi\u010dna firma specijalizirana za preradu bukove gra\u0111e i izvoz kvalitetnih drvnih proizvoda na EU tr\u017ei\u0161te.","breadcrumb":{"@id":"https:\/\/tehnocen.ba\/#breadcrumb"},"inLanguage":"en-US","potentialAction":[{"@type":"ReadAction","target":["https:\/\/tehnocen.ba\/"]}]},{"@type":"ImageObject","inLanguage":"en-US","@id":"https:\/\/tehnocen.ba\/#primaryimage","url":"https:\/\/tehnocen.ba\/wp-content\/uploads\/2026\/02\/bukva-beech-wood-saw-mill-2-scaled.jpg","contentUrl":"https:\/\/tehnocen.ba\/wp-content\/uploads\/2026\/02\/bukva-beech-wood-saw-mill-2-scaled.jpg","width":2560,"height":1707},{"@type":"BreadcrumbList","@id":"https:\/\/tehnocen.ba\/#breadcrumb","itemListElement":[{"@type":"ListItem","position":1,"name":"Home","item":"https:\/\/tehnocen.ba\/"},{"@type":"ListItem","position":2,"name":"Po\u010detna"}]},{"@type":"WebSite","@id":"https:\/\/tehnocen.ba\/#website","url":"https:\/\/tehnocen.ba\/","name":"Tehnocen","description":"proizvodnja rezane bukove gra\u0111e i elemenata - pilana","publisher":{"@id":"https:\/\/tehnocen.ba\/#organization"},"potentialAction":[{"@type":"SearchAction","target":{"@type":"EntryPoint","urlTemplate":"https:\/\/tehnocen.ba\/?s={search_term_string}"},"query-input":{"@type":"PropertyValueSpecification","valueRequired":true,"valueName":"search_term_string"}}],"inLanguage":"en-US"},{"@type":"Organization","@id":"https:\/\/tehnocen.ba\/#organization","name":"Tehnocen","url":"https:\/\/tehnocen.ba\/","logo":{"@type":"ImageObject","inLanguage":"en-US","@id":"https:\/\/tehnocen.ba\/#\/schema\/logo\/image\/","url":"https:\/\/tehnocen.ba\/wp-content\/uploads\/2025\/12\/Tehnocen_pure-wood_transp.png","contentUrl":"https:\/\/tehnocen.ba\/wp-content\/uploads\/2025\/12\/Tehnocen_pure-wood_transp.png","width":1000,"height":500,"caption":"Tehnocen"},"image":{"@id":"https:\/\/tehnocen.ba\/#\/schema\/logo\/image\/"}}]}},"_links":{"self":[{"href":"https:\/\/tehnocen.ba\/index.php\/wp-json\/wp\/v2\/pages\/8","targetHints":{"allow":["GET"]}}],"collection":[{"href":"https:\/\/tehnocen.ba\/index.php\/wp-json\/wp\/v2\/pages"}],"about":[{"href":"https:\/\/tehnocen.ba\/index.php\/wp-json\/wp\/v2\/types\/page"}],"author":[{"embeddable":true,"href":"https:\/\/tehnocen.ba\/index.php\/wp-json\/wp\/v2\/users\/1"}],"replies":[{"embeddable":true,"href":"https:\/\/tehnocen.ba\/index.php\/wp-json\/wp\/v2\/comments?post=8"}],"version-history":[{"count":54,"href":"https:\/\/tehnocen.ba\/index.php\/wp-json\/wp\/v2\/pages\/8\/revisions"}],"predecessor-version":[{"id":347,"href":"https:\/\/tehnocen.ba\/index.php\/wp-json\/wp\/v2\/pages\/8\/revisions\/347"}],"wp:attachment":[{"href":"https:\/\/tehnocen.ba\/index.php\/wp-json\/wp\/v2\/media?parent=8"}],"curies":[{"name":"wp","href":"https:\/\/api.w.org\/{rel}","templated":true}]}}